{"id":48,"date":"2017-05-10T17:14:47","date_gmt":"2017-05-10T16:14:47","guid":{"rendered":"http:\/\/claire-bazin.fr\/?page_id=48"},"modified":"2017-05-10T17:15:13","modified_gmt":"2017-05-10T16:15:13","slug":"la-consultation","status":"publish","type":"page","link":"https:\/\/claire-bazin.fr\/index.php\/la-consultation\/","title":{"rendered":"La consultation"},"content":{"rendered":"<p>Still consid\u00e8re le corps humain \u00ab\u00a0<strong><em>comme une confr\u00e9rie bien organis\u00e9e de travailleurs. Le travail du praticien, c\u2019est de maintenir la paix et l\u2019harmonie dans toute la confr\u00e9rie. Celui qui r\u00e9alise la grande importance de cette v\u00e9rit\u00e9 et la met en pratique est un ost\u00e9opathe digne de confiance<\/em><\/strong>\u00a0\u00bb.<\/p>\n<p>&nbsp;<\/p>\n<p>Pour \u00ab\u00a0maintenir la paix et l\u2019harmonie dans toute la confr\u00e9rie\u00a0\u00bb, l\u2019ost\u00e9opathe doit comprendre ce qui se passe dans le syst\u00e8me corporel, et o\u00f9 cela se passe. La premi\u00e8re \u00e9tape d\u2019une consultation ost\u00e9opathique consiste donc \u00e0 <strong>recueillir les informations<\/strong> concernant la difficult\u00e9 du patient, ce qui se fait \u00e0 l\u2019aide de l\u2019anamn\u00e8se et de l\u2019examen clinique.<\/p>\n<p>&nbsp;<\/p>\n<p><strong><em><u>L\u2019anamn\u00e8se<\/u><\/em><\/strong><\/p>\n<p>Ce mot vient du grec anamn\u00easis, signifiant \u00ab\u00a0<strong>souvenir<\/strong>\u00a0\u00bb. L\u2019anamn\u00e8se consiste \u00e0 recueillir du patient les renseignements sur <strong>l\u2019histoire de sa difficult\u00e9<\/strong>. Cette premi\u00e8re \u00e9tape est bien entendu essentielle pour le praticien qui a besoin de savoir pourquoi le patient vient le consulter mais \u00e9galement de conna\u00eetre les \u00e9pisodes marquants de son pass\u00e9 concernant ses maladies, traumatismes physiques et psychiques, \u00e9preuves\u2026<\/p>\n<p>L\u2019histoire traumatique du patient est tr\u00e8s <strong>importante<\/strong>, parce que les traumatismes sont la source de blocage dans la structure corporelle imposant au syst\u00e8me des mod\u00e8les de fonctionnement anormaux.<\/p>\n<p>&nbsp;<\/p>\n<p><strong><em><u>L\u2019examen clinique<\/u><\/em><\/strong><\/p>\n<p>L\u2019examen attentif du syst\u00e8me corporel est une \u00e9tape cl\u00e9 qui fournit au praticien les \u00e9l\u00e9ments lui permettant de comprendre ses dysfonctionnements et de mettre en \u0153uvre les techniques n\u00e9cessaires pour y apporter rem\u00e8de.<\/p>\n<p>Pour analyser la posture, il examine le patient <strong>debout<\/strong>, de face et de profil, lui demandant d\u2019accomplir <strong>quelques mouvements cl\u00e9s<\/strong> qui lui permettent de rep\u00e9rer les anomalies, le regarde marcher, puis r\u00e9alise quelques tests en <strong>position assise<\/strong>.<\/p>\n<p>Il examine ensuite le <strong>patient allong\u00e9<\/strong> sur la table de traitement, et recherche des zones de tension, de densit\u00e9 et d\u2019inertie. Son examen porte non seulement sur <strong>l\u2019\u00e9tat macroscopique des tissus<\/strong>, mais \u00e9galement sur les <strong>macro et micro m\u00e9caniques<\/strong> dans les structures de <strong>toutes les parties du corps<\/strong>, ce qui inclut la colonne vert\u00e9brale, les membres, le syst\u00e8me cr\u00e2nien, les organes visc\u00e9raux\u2026<\/p>\n<p>&nbsp;<\/p>\n<p><strong><em><u>Le traitement<\/u><\/em><\/strong><\/p>\n<p>En rapprochant les informations qu\u2019il vient de collecter de sa connaissance du fonctionnement normal de l\u2019organisme vivant, le praticien peut \u00e9tablir un <strong>traitement coh\u00e9rent<\/strong> et \u00e9ventuellement <strong>proposer un conseil \u00e0 son patient.<\/strong><\/p>\n<p>Il est tr\u00e8s difficile de d\u00e9crire ce qui va se passer dans le cabinet de l\u2019ost\u00e9opathe, <strong>chaque praticien utilisant la plupart du temps un syst\u00e8me qui lui est personnel<\/strong>, d\u00e9velopp\u00e9 au cours de ses ann\u00e9es de pratique et de formations compl\u00e9mentaires.<\/p>\n<p>&nbsp;<\/p>\n<p>Il d\u00e9termine une strat\u00e9gie d\u2019intervention et utilise des techniques de correction de la structure du corps de son patient parmi celles bri\u00e8vement \u00e9voqu\u00e9es plus haut, ce qui l\u2019am\u00e8ne \u00e0 travailler sur diff\u00e9rentes r\u00e9gions\u00a0:<\/p>\n<ul>\n<li>Les structures ost\u00e9o articulaires de la colonne vert\u00e9brale, de la cage thoracique, des membres sont trait\u00e9es par massage, parfois par les techniques d\u2019articulation et\/ou de manipulation les plus douces possible.<\/li>\n<li>Les structures cr\u00e2niennes sont trait\u00e9es par manipulations tr\u00e8s douces constitu\u00e9es de l\u00e9g\u00e8res pressions et d\u2019infimes mouvements. La d\u00e9tente de la dure-m\u00e8re est tr\u00e8s importante pour lib\u00e9rer la colonne vert\u00e9brale.<\/li>\n<li>Les structures visc\u00e9rales sont \u00e9galement trait\u00e9es par manipulations toujours tr\u00e8s douces qui ne doivent pas entra\u00eener de douleur.<\/li>\n<\/ul>\n<p>&nbsp;<\/p>\n<p><strong><em><u>Le conseil<\/u><\/em><\/strong><\/p>\n<p>Pour aider l\u2019organisme du patient \u00e0 recouvrer son \u00e9quilibre, et pour \u00e9viter le renouvellement des troubles qui l\u2019ont amen\u00e9 chez l\u2019ost\u00e9opathe, il peut \u00eatre n\u00e9cessaire de <strong>proposer des conseils<\/strong> ou <strong>de l\u2019orienter vers d\u2019autres praticiens. <\/strong><\/p>\n<p>Nous sommes en effet riches d\u2019une approche pluridisciplinaire, et en \u00e9change \u00e9troit avec le m\u00e9decin traitant et autres praticiens de sant\u00e9\u00a0: masseur-kin\u00e9sith\u00e9rapeute, podologue, hom\u00e9opathe, acupuncteur, sage-femme, dentiste, orthophoniste, psychomotricien, psychologue, naturopathe et autres th\u00e9rapeutes selon les besoins du patient.<\/p>\n<p>&nbsp;<\/p>\n","protected":false},"excerpt":{"rendered":"<p>Still consid\u00e8re le corps humain \u00ab\u00a0comme une confr\u00e9rie bien organis\u00e9e de travailleurs. Le travail du praticien, c\u2019est de maintenir la paix et l\u2019harmonie dans toute la confr\u00e9rie. Celui qui r\u00e9alise la grande importance de cette v\u00e9rit\u00e9 et la met en&#8230; <a class=\"more-link\" href=\"https:\/\/claire-bazin.fr\/index.php\/la-consultation\/\">Continue Reading &rarr;<\/a><\/p>\n","protected":false},"author":2,"featured_media":0,"parent":0,"menu_order":0,"comment_status":"closed","ping_status":"closed","template":"","meta":[],"_links":{"self":[{"href":"https:\/\/claire-bazin.fr\/index.php\/wp-json\/wp\/v2\/pages\/48"}],"collection":[{"href":"https:\/\/claire-bazin.fr\/index.php\/wp-json\/wp\/v2\/pages"}],"about":[{"href":"https:\/\/claire-bazin.fr\/index.php\/wp-json\/wp\/v2\/types\/page"}],"author":[{"embeddable":true,"href":"https:\/\/claire-bazin.fr\/index.php\/wp-json\/wp\/v2\/users\/2"}],"replies":[{"embeddable":true,"href":"https:\/\/claire-bazin.fr\/index.php\/wp-json\/wp\/v2\/comments?post=48"}],"version-history":[{"count":1,"href":"https:\/\/claire-bazin.fr\/index.php\/wp-json\/wp\/v2\/pages\/48\/revisions"}],"predecessor-version":[{"id":49,"href":"https:\/\/claire-bazin.fr\/index.php\/wp-json\/wp\/v2\/pages\/48\/revisions\/49"}],"wp:attachment":[{"href":"https:\/\/claire-bazin.fr\/index.php\/wp-json\/wp\/v2\/media?parent=48"}],"curies":[{"name":"wp","href":"https:\/\/api.w.org\/{rel}","templated":true}]}}