{"id":2,"date":"2015-11-26T10:13:52","date_gmt":"2015-11-26T09:13:52","guid":{"rendered":"http:\/\/claire-bazin.fr\/?page_id=2"},"modified":"2017-12-27T17:55:45","modified_gmt":"2017-12-27T16:55:45","slug":"page-d-exemple","status":"publish","type":"page","link":"https:\/\/claire-bazin.fr\/","title":{"rendered":"Accueil"},"content":{"rendered":"<h2 style=\"text-align: center;\"><strong><em>Ost\u00e9opathe \u00e0 Saint And\u00e9ol le Ch\u00e2teau<\/em><\/strong><\/h2>\n<h3 style=\"text-align: center;\"><strong>07-81-17-72-83<\/strong><\/h3>\n<p style=\"text-align: center;\"><strong>Rendez-vous en cabinet ou \u00e0 domicile<\/strong><\/p>\n<p style=\"text-align: center;\"><strong>Du Lundi au Samedi<\/strong><\/p>\n<h4 style=\"text-align: center;\">Nouveau ! Prenez rendez-vous directement en ligne en <a href=\"http:\/\/claire-bazin.fr\/index.php\/me-contacter\/\">cliquant ici<\/a><\/h4>\n<p>&nbsp;<\/p>\n<p style=\"text-align: right;\">Ost\u00e9opathe D.O dipl\u00f4m\u00e9e de l&rsquo;Institut Sup\u00e9rieur d&rsquo;Ost\u00e9opathie de Lyon<\/p>\n<p style=\"text-align: right;\">Ost\u00e9opathe exclusif agr\u00e9\u00e9 par le minist\u00e8re de la Sant\u00e9<\/p>\n<p>&nbsp;<\/p>\n<p>&nbsp;<\/p>\n<p>&nbsp;<\/p>\n<p>&nbsp;<\/p>\n","protected":false},"excerpt":{"rendered":"<p>Ost\u00e9opathe \u00e0 Saint And\u00e9ol le Ch\u00e2teau 07-81-17-72-83 Rendez-vous en cabinet ou \u00e0 domicile Du Lundi au Samedi Nouveau ! Prenez rendez-vous directement en ligne en cliquant ici &nbsp; Ost\u00e9opathe D.O dipl\u00f4m\u00e9e de l&rsquo;Institut Sup\u00e9rieur d&rsquo;Ost\u00e9opathie de Lyon Ost\u00e9opathe exclusif agr\u00e9\u00e9&#8230; <a class=\"more-link\" href=\"https:\/\/claire-bazin.fr\/\">Continue Reading &rarr;<\/a><\/p>\n","protected":false},"author":3,"featured_media":0,"parent":0,"menu_order":0,"comment_status":"closed","ping_status":"open","template":"","meta":[],"_links":{"self":[{"href":"https:\/\/claire-bazin.fr\/index.php\/wp-json\/wp\/v2\/pages\/2"}],"collection":[{"href":"https:\/\/claire-bazin.fr\/index.php\/wp-json\/wp\/v2\/pages"}],"about":[{"href":"https:\/\/claire-bazin.fr\/index.php\/wp-json\/wp\/v2\/types\/page"}],"author":[{"embeddable":true,"href":"https:\/\/claire-bazin.fr\/index.php\/wp-json\/wp\/v2\/users\/3"}],"replies":[{"embeddable":true,"href":"https:\/\/claire-bazin.fr\/index.php\/wp-json\/wp\/v2\/comments?post=2"}],"version-history":[{"count":6,"href":"https:\/\/claire-bazin.fr\/index.php\/wp-json\/wp\/v2\/pages\/2\/revisions"}],"predecessor-version":[{"id":89,"href":"https:\/\/claire-bazin.fr\/index.php\/wp-json\/wp\/v2\/pages\/2\/revisions\/89"}],"wp:attachment":[{"href":"https:\/\/claire-bazin.fr\/index.php\/wp-json\/wp\/v2\/media?parent=2"}],"curies":[{"name":"wp","href":"https:\/\/api.w.org\/{rel}","templated":true}]}}