{"id":16,"date":"2015-11-27T15:19:18","date_gmt":"2015-11-27T14:19:18","guid":{"rendered":"http:\/\/claire-bazin.fr\/?page_id=16"},"modified":"2017-05-10T17:37:06","modified_gmt":"2017-05-10T16:37:06","slug":"informations-pratiques","status":"publish","type":"page","link":"https:\/\/claire-bazin.fr\/index.php\/informations-pratiques\/","title":{"rendered":"Informations pratiques"},"content":{"rendered":"<p style=\"text-align: left;\">Le cabinet se situe au:<\/p>\n<p style=\"text-align: left;\"><strong>22, place Nicolas Paradis<\/strong><\/p>\n<h5 style=\"text-align: left;\"><strong>69700 Saint And\u00e9ol le Ch\u00e2teau<\/strong><\/h5>\n<p style=\"text-align: right;\">Vous pouvez prendre rendez-vous par:<\/p>\n<h4 style=\"text-align: right;\">T\u00e9l\u00e9phone ou sms au:\u00a0<strong>07-81-17-72-83<\/strong><\/h4>\n<h4 style=\"text-align: right;\">Mail<strong>: contact@claire-bazin.fr<\/strong><\/h4>\n<p>&nbsp;<\/p>\n<p style=\"text-align: left;\">Paiement par <strong>ch\u00e8que<\/strong> ou <strong>esp\u00e8ce<\/strong><\/p>\n<p style=\"text-align: left;\">N&rsquo;h\u00e9sitez pas \u00e0 vous renseigner aupr\u00e8s de votre mutuelle pour une prise en charge, une facture vous sera \u00e9dit\u00e9e \u00e0 cet effet.<\/p>\n","protected":false},"excerpt":{"rendered":"<p>Le cabinet se situe au: 22, place Nicolas Paradis 69700 Saint And\u00e9ol le Ch\u00e2teau Vous pouvez prendre rendez-vous par: T\u00e9l\u00e9phone ou sms au:\u00a007-81-17-72-83 Mail: contact@claire-bazin.fr &nbsp; Paiement par ch\u00e8que ou esp\u00e8ce N&rsquo;h\u00e9sitez pas \u00e0 vous renseigner aupr\u00e8s de votre mutuelle&#8230; <a class=\"more-link\" href=\"https:\/\/claire-bazin.fr\/index.php\/informations-pratiques\/\">Continue Reading &rarr;<\/a><\/p>\n","protected":false},"author":2,"featured_media":0,"parent":0,"menu_order":0,"comment_status":"closed","ping_status":"closed","template":"","meta":[],"_links":{"self":[{"href":"https:\/\/claire-bazin.fr\/index.php\/wp-json\/wp\/v2\/pages\/16"}],"collection":[{"href":"https:\/\/claire-bazin.fr\/index.php\/wp-json\/wp\/v2\/pages"}],"about":[{"href":"https:\/\/claire-bazin.fr\/index.php\/wp-json\/wp\/v2\/types\/page"}],"author":[{"embeddable":true,"href":"https:\/\/claire-bazin.fr\/index.php\/wp-json\/wp\/v2\/users\/2"}],"replies":[{"embeddable":true,"href":"https:\/\/claire-bazin.fr\/index.php\/wp-json\/wp\/v2\/comments?post=16"}],"version-history":[{"count":3,"href":"https:\/\/claire-bazin.fr\/index.php\/wp-json\/wp\/v2\/pages\/16\/revisions"}],"predecessor-version":[{"id":53,"href":"https:\/\/claire-bazin.fr\/index.php\/wp-json\/wp\/v2\/pages\/16\/revisions\/53"}],"wp:attachment":[{"href":"https:\/\/claire-bazin.fr\/index.php\/wp-json\/wp\/v2\/media?parent=16"}],"curies":[{"name":"wp","href":"https:\/\/api.w.org\/{rel}","templated":true}]}}