{"id":10,"date":"2015-11-27T15:18:50","date_gmt":"2015-11-27T14:18:50","guid":{"rendered":"http:\/\/claire-bazin.fr\/?page_id=10"},"modified":"2022-04-12T14:46:42","modified_gmt":"2022-04-12T13:46:42","slug":"qui-suis-je","status":"publish","type":"page","link":"https:\/\/claire-bazin.fr\/index.php\/qui-suis-je\/","title":{"rendered":"Qui suis-je ?"},"content":{"rendered":"<p>Dipl\u00f4m\u00e9e de l&rsquo;Institut Sup\u00e9rieur d&rsquo;Ost\u00e9opathie de Lyon, je suis issue d&rsquo;une formation en 6 ans agr\u00e9\u00e9e par le Minist\u00e8re de la Sant\u00e9.<\/p>\n<p>Depuis plusieurs ann\u00e9es, je me forme dans le domaine p\u00e9rinatale et p\u00e9diatrique (3 ans \u00e0 OPP Ost\u00e9opathie P\u00e9rinatale P\u00e9diatrique aupr\u00e8s de Mme Lalauze Pol \u00e0 Paris, 1 ann\u00e9e aupr\u00e8s de Mme Tissot et Mr Hours (OSTEO&rsquo;PACT), Mme Elisa Boillot..)<\/p>\n","protected":false},"excerpt":{"rendered":"<p>Dipl\u00f4m\u00e9e de l&rsquo;Institut Sup\u00e9rieur d&rsquo;Ost\u00e9opathie de Lyon, je suis issue d&rsquo;une formation en 6 ans agr\u00e9\u00e9e par le Minist\u00e8re de la Sant\u00e9. Depuis plusieurs ann\u00e9es, je me forme dans le domaine p\u00e9rinatale et p\u00e9diatrique (3 ans \u00e0 OPP Ost\u00e9opathie P\u00e9rinatale&#8230; <a class=\"more-link\" href=\"https:\/\/claire-bazin.fr\/index.php\/qui-suis-je\/\">Continue Reading &rarr;<\/a><\/p>\n","protected":false},"author":2,"featured_media":0,"parent":0,"menu_order":0,"comment_status":"closed","ping_status":"closed","template":"","meta":[],"_links":{"self":[{"href":"https:\/\/claire-bazin.fr\/index.php\/wp-json\/wp\/v2\/pages\/10"}],"collection":[{"href":"https:\/\/claire-bazin.fr\/index.php\/wp-json\/wp\/v2\/pages"}],"about":[{"href":"https:\/\/claire-bazin.fr\/index.php\/wp-json\/wp\/v2\/types\/page"}],"author":[{"embeddable":true,"href":"https:\/\/claire-bazin.fr\/index.php\/wp-json\/wp\/v2\/users\/2"}],"replies":[{"embeddable":true,"href":"https:\/\/claire-bazin.fr\/index.php\/wp-json\/wp\/v2\/comments?post=10"}],"version-history":[{"count":3,"href":"https:\/\/claire-bazin.fr\/index.php\/wp-json\/wp\/v2\/pages\/10\/revisions"}],"predecessor-version":[{"id":98,"href":"https:\/\/claire-bazin.fr\/index.php\/wp-json\/wp\/v2\/pages\/10\/revisions\/98"}],"wp:attachment":[{"href":"https:\/\/claire-bazin.fr\/index.php\/wp-json\/wp\/v2\/media?parent=10"}],"curies":[{"name":"wp","href":"https:\/\/api.w.org\/{rel}","templated":true}]}}